{"id":9915,"date":"2021-07-13T17:50:34","date_gmt":"2021-07-13T21:50:34","guid":{"rendered":"https:\/\/www.aguilamuebles.cl\/tienda\/?post_type=product&#038;p=9915"},"modified":"2024-11-18T09:45:59","modified_gmt":"2024-11-18T13:45:59","slug":"juego-de-comedor-rectangular-extensible-con-6-sillas-y-2-sitiales-charmond-d803-55b55td803-016d803-01a2","status":"publish","type":"product","link":"https:\/\/www.aguilamuebles.cl\/tienda\/product\/juego-de-comedor-rectangular-extensible-con-6-sillas-y-2-sitiales-charmond-d803-55b55td803-016d803-01a2\/","title":{"rendered":"Juego de Comedor Rectangular Extensible con 6 Sillas y 2 Sitiales Charmond D803-55B+55T+D803-01*6+D803-01A*2"},"content":{"rendered":"<h3>Detalles<\/h3>\n<p>Juego de Comedor Rectangular Extensible con 6 Sillas y 2 Sitiales<\/p>\n<div class=\"col-sm-3 col-md-3 col-lg-3 col-xl-2\"><strong>Caracter\u00edsticas de la serie:<\/strong><\/div>\n<div class=\"col-sm-9 col-md-9 col-lg-9 col-xl-10\">Estilo tradicional cl\u00e1sico con un sabor ornamentado.\u00a0Sofisticado acabado en roble marr\u00f3n oscuro con acento esmaltado en blanco.\u00a0Las tapas tienen una chapa de libro a juego con un borde incrustado en forma de remolino de fresno en contraste.\u00a0Los estuches tienen formas serpentinas con tapas perfiladas gruesas y frentes de cajones enmarcados.\u00a0Pomos de metal redondos ornamentados con acabado en color bronce envejecido.\u00a0La superficie de la mesa bien formada se asienta sobre una base de doble pedestal con ornamentaci\u00f3n fundida y est\u00e1 dise\u00f1ada para 6-10 asientos.\u00a0Hermosa estructura de silla ornamentada con asiento y respaldo tapizados en tela de color beige.\u00a0La vajilla del comedor est\u00e1 iluminada.<\/div>\n<p><strong>Sillas D803-01 \/ Sitiales D803-01A<\/strong><\/p>\n<div class=\"col-sm-3 col-md-3 col-lg-3 col-xl-2\"><strong>Descripci\u00f3n del art\u00edculo:<\/strong><\/div>\n<div class=\"col-sm-9 col-md-9 col-lg-9 col-xl-10\">La interpretaci\u00f3n \u00fanica y lujosa del estilo tradicional de esta silla\/sitial de comedor lo dice todo. Los elementos que fluyen maravillosamente incluyen patas elegantemente curvas y una espalda redondeada con detalles de acanto.\u00a0Exquisitamente detallado y tratado con un acabado multicolor, es claramente un trabajo de amor.\u00a0Tenga la seguridad de que el asiento mullido y acolchado y la tapicer\u00eda con mechones de botones son la definici\u00f3n misma de comodidad.<\/div>\n<div>\n<ul class=\"FeatureBullets\" type=\"disc\">\n<li class=\"orangecolor\">Hecho de madera con detalles en resina fundida.<\/li>\n<li class=\"orangecolor\">Acabado marr\u00f3n oscuro con reflejos blancos vidriados<\/li>\n<li class=\"orangecolor\">Asiento y respaldo acolchados con tapizado de poli\u00e9ster<\/li>\n<li class=\"orangecolor\">Coj\u00edn de respaldo acolchado con botones con acentos de cabeza de clavo en tono bronce<\/li>\n<li class=\"orangecolor\">se requiere ensamblaje<\/li>\n<\/ul>\n<p><strong>Mesa D803-55B+55T<\/strong><\/p>\n<\/div>\n<h5><b>DIMENSIONES<\/b><\/h5>\n<ul class=\"dimCustomCls\">\n<li>Silla Tapizada de ComedorAncho: 57.48 cm<\/li>\n<li>Silla Tapizada de Comedor Profundidad: 64.14 cm<\/li>\n<li>Silla Tapizada de Comedor\u00a0 Alto: 110.49 cm<\/li>\n<li>Sitial Tapizado de Comedor\u00a0 Ancho: 66.68 cm<\/li>\n<li>Sitial Tapizado de Comedor\u00a0 Profundidad: 60.33 cm<\/li>\n<li>Sitial Tapizado de Comedor\u00a0 Alto: 110.49 cm<\/li>\n<li>Base de Mesa de Comedor Extensible\u00a0Ancho: 68.58 cm<\/li>\n<li>Base de Mesa de Comedor Extensible\u00a0Profundidad: 68.58 cm<\/li>\n<li>Base de Mesa de Comedor Extensible\u00a0Alto: 64.77 cm<\/li>\n<li>Cubierta Extensible Rect\u00e1ngular de Mesa de Comedor\u00a0Ancho: 110.82 cm<\/li>\n<li>Cubierta Extensible Rect\u00e1ngular de Mesa de Comedor\u00a0Profundidad: 270.51 cm<\/li>\n<li>Cubierta Extensible Rect\u00e1ngular de Mesa de Comedor\u00a0Alto: 8.59 cm<\/li>\n<\/ul>\n<h5><b>GARANT\u00cdA LEGAL<\/b><\/h5>\n<p>Los productos poseen una garant\u00eda de 3 meses establecida por la Ley 19.496 Sobre Protecci\u00f3n de los Derechos de Los Consumidores, contados desde la fecha de recepci\u00f3n del producto, en caso de fallas o deficiencias que afecten el uso al cual est\u00e1 destinado el producto. De acuerdo con la ley de protecci\u00f3n al consumidor, en caso de falla del producto tiene el derecho a elegir entre las siguientes opciones:<\/p>\n<ol type=\"I\">\n<li>Reparaci\u00f3n gratuita del producto.<\/li>\n<li>Reposici\u00f3n o cambio.<\/li>\n<li>La devoluci\u00f3n del dinero pagado.<\/li>\n<\/ol>\n<p>Para ejercer este derecho, se deben determinar preliminarmente las causas de falla del producto. No podr\u00e1 ejercer este derecho cuando el deterioro sea imputable al cliente por su mal uso .<\/p>\n<h5>Precio publicado para Zona Franca, A OTRAS REGIONES SE APLICAN COSTOS EXTRAS : IVA(19%), Impuesto ad valorem(6%), generaci\u00f3n de DIN y honorarios de Agencia de aduana.<\/h5>\n<p>Inf\u00f3rmese en Manual de Zona Franca p\u00e1gina 22.<\/p>\n<p><b><em>El stock disponible de nuestro producto puede variar, por favor cont\u00e1ctenos para saber m\u00e1s a cerca de la disponibilidad de este producto \u00f3 escr\u00edbenos a nuestro \u00a0<a href=\"https:\/\/wa.me\/56997056557\">Whatsapp<\/a>.<\/em><\/b><\/p>\n","protected":false},"excerpt":{"rendered":"<h5><span style=\"color: #ff0000;\">AL RESTO DEL PA\u00cdS $3.365.096-<\/span><\/h5>\n<p><b><em>El stock disponible de nuestro producto puede variar, por favor cont\u00e1ctenos para saber m\u00e1s a cerca de la disponibilidad de este producto \u00f3 escr\u00edbenos a nuestro \u00a0<a href=\"https:\/\/wa.me\/56997056557\">Whatsapp<\/a>.<\/em><\/b><\/p>\n","protected":false},"featured_media":10059,"comment_status":"open","ping_status":"closed","template":"","meta":[],"product_brand":[],"product_cat":[102,103],"product_tag":[],"class_list":{"0":"post-9915","1":"product","2":"type-product","3":"status-publish","4":"has-post-thumbnail","6":"product_cat-comedor","7":"product_cat-juego-de-comedor","9":"first","10":"instock","11":"sale","12":"taxable","13":"shipping-taxable","14":"purchasable","15":"product-type-simple"},"_links":{"self":[{"href":"https:\/\/www.aguilamuebles.cl\/tienda\/wp-json\/wp\/v2\/product\/9915","targetHints":{"allow":["GET"]}}],"collection":[{"href":"https:\/\/www.aguilamuebles.cl\/tienda\/wp-json\/wp\/v2\/product"}],"about":[{"href":"https:\/\/www.aguilamuebles.cl\/tienda\/wp-json\/wp\/v2\/types\/product"}],"replies":[{"embeddable":true,"href":"https:\/\/www.aguilamuebles.cl\/tienda\/wp-json\/wp\/v2\/comments?post=9915"}],"wp:featuredmedia":[{"embeddable":true,"href":"https:\/\/www.aguilamuebles.cl\/tienda\/wp-json\/wp\/v2\/media\/10059"}],"wp:attachment":[{"href":"https:\/\/www.aguilamuebles.cl\/tienda\/wp-json\/wp\/v2\/media?parent=9915"}],"wp:term":[{"taxonomy":"product_brand","embeddable":true,"href":"https:\/\/www.aguilamuebles.cl\/tienda\/wp-json\/wp\/v2\/product_brand?post=9915"},{"taxonomy":"product_cat","embeddable":true,"href":"https:\/\/www.aguilamuebles.cl\/tienda\/wp-json\/wp\/v2\/product_cat?post=9915"},{"taxonomy":"product_tag","embeddable":true,"href":"https:\/\/www.aguilamuebles.cl\/tienda\/wp-json\/wp\/v2\/product_tag?post=9915"}],"curies":[{"name":"wp","href":"https:\/\/api.w.org\/{rel}","templated":true}]}}